{"id":67090,"date":"2024-07-04T15:26:24","date_gmt":"2024-07-04T18:26:24","guid":{"rendered":"https:\/\/estiloromano.smartjoias.com.br\/escolhas\/shop\/sem%20categoria\/choker-perolas-de-agua-doce-geometricas-banhado-a-ouro\/"},"modified":"2025-02-20T02:57:50","modified_gmt":"2025-02-20T05:57:50","slug":"choker-perolas-de-agua-doce-geometricas-banhado-a-ouro","status":"publish","type":"product","link":"https:\/\/estiloromano.smartjoias.com.br\/escolhas\/shop\/sem-categoria\/choker-perolas-de-agua-doce-geometricas-banhado-a-ouro\/","title":{"rendered":"Choker P\u00e9rolas de \u00c1gua Doce Geom\u00e9tricas &#8211; Banhado a Ouro"},"content":{"rendered":"<p>Choker P\u00e9rolas de \u00c1gua Doce &#8211; Banhado a Ouro<\/p>\n","protected":false},"excerpt":{"rendered":"<p>Choker P\u00e9rolas de \u00c1gua Doce &#8211; Banhado a Ouro<\/p>\n","protected":false},"featured_media":103680,"template":"","meta":[],"product_cat":[2480],"product_tag":[],"class_list":{"0":"post-67090","1":"product","2":"type-product","3":"status-publish","4":"has-post-thumbnail","6":"product_cat-sem-categoria","8":"first","9":"instock","10":"shipping-taxable","11":"purchasable","12":"product-type-simple"},"fifu_image_url":"https:\/\/orgbling.s3.amazonaws.com\/25e28644d5bc765187a98d9415eab57d\/e88cd69c1847d005b00e266d7d7b9445?AWSAccessKeyId=AKIATCLMSGFX4J7TU445&Expires=1740635793&Signature=beGUV6A98l7nd%2FGvvveD8wfJwgU%3D","_links":{"self":[{"href":"https:\/\/estiloromano.smartjoias.com.br\/escolhas\/wp-json\/wp\/v2\/product\/67090","targetHints":{"allow":["GET"]}}],"collection":[{"href":"https:\/\/estiloromano.smartjoias.com.br\/escolhas\/wp-json\/wp\/v2\/product"}],"about":[{"href":"https:\/\/estiloromano.smartjoias.com.br\/escolhas\/wp-json\/wp\/v2\/types\/product"}],"wp:featuredmedia":[{"embeddable":true,"href":"https:\/\/estiloromano.smartjoias.com.br\/escolhas\/wp-json\/wp\/v2\/media\/103680"}],"wp:attachment":[{"href":"https:\/\/estiloromano.smartjoias.com.br\/escolhas\/wp-json\/wp\/v2\/media?parent=67090"}],"wp:term":[{"taxonomy":"product_cat","embeddable":true,"href":"https:\/\/estiloromano.smartjoias.com.br\/escolhas\/wp-json\/wp\/v2\/product_cat?post=67090"},{"taxonomy":"product_tag","embeddable":true,"href":"https:\/\/estiloromano.smartjoias.com.br\/escolhas\/wp-json\/wp\/v2\/product_tag?post=67090"}],"curies":[{"name":"wp","href":"https:\/\/api.w.org\/{rel}","templated":true}]}}