{"id":67144,"date":"2024-07-04T15:28:14","date_gmt":"2024-07-04T18:28:14","guid":{"rendered":"https:\/\/estiloromano.smartjoias.com.br\/escolhas\/shop\/sem categoria\/brinco-perola-quadrada-pendente-banhado-a-rodio-branco\/"},"modified":"2025-02-20T02:58:35","modified_gmt":"2025-02-20T05:58:35","slug":"brinco-perola-quadrada-pendente-banhado-a-rodio-branco","status":"publish","type":"product","link":"https:\/\/estiloromano.smartjoias.com.br\/escolhas\/shop\/sem-categoria\/brinco-perola-quadrada-pendente-banhado-a-rodio-branco\/","title":{"rendered":"Brinco P\u00e9rola Quadrada Pendente &#8211; Banhado a R\u00f3dio Branco"},"content":{"rendered":"<p>Brinco P\u00e9rola Quadrada Pendente &#8211; Banhado a R\u00f3dio Branco<\/p>\n","protected":false},"excerpt":{"rendered":"<p>Brinco P\u00e9rola Quadrada Pendente &#8211; Banhado a R\u00f3dio Branco<\/p>\n","protected":false},"featured_media":103709,"template":"","meta":[],"product_cat":[2480],"product_tag":[],"class_list":{"0":"post-67144","1":"product","2":"type-product","3":"status-publish","4":"has-post-thumbnail","6":"product_cat-sem-categoria","8":"first","9":"instock","10":"shipping-taxable","11":"purchasable","12":"product-type-simple"},"fifu_image_url":"https:\/\/orgbling.s3.amazonaws.com\/25e28644d5bc765187a98d9415eab57d\/29b1b61cd66c221f22119ac85ce3868e?AWSAccessKeyId=AKIATCLMSGFX4J7TU445&Expires=1740635793&Signature=1OiFYsexLIogbEfJEfwFJ1owhc8%3D","_links":{"self":[{"href":"https:\/\/estiloromano.smartjoias.com.br\/escolhas\/wp-json\/wp\/v2\/product\/67144","targetHints":{"allow":["GET"]}}],"collection":[{"href":"https:\/\/estiloromano.smartjoias.com.br\/escolhas\/wp-json\/wp\/v2\/product"}],"about":[{"href":"https:\/\/estiloromano.smartjoias.com.br\/escolhas\/wp-json\/wp\/v2\/types\/product"}],"wp:featuredmedia":[{"embeddable":true,"href":"https:\/\/estiloromano.smartjoias.com.br\/escolhas\/wp-json\/wp\/v2\/media\/103709"}],"wp:attachment":[{"href":"https:\/\/estiloromano.smartjoias.com.br\/escolhas\/wp-json\/wp\/v2\/media?parent=67144"}],"wp:term":[{"taxonomy":"product_cat","embeddable":true,"href":"https:\/\/estiloromano.smartjoias.com.br\/escolhas\/wp-json\/wp\/v2\/product_cat?post=67144"},{"taxonomy":"product_tag","embeddable":true,"href":"https:\/\/estiloromano.smartjoias.com.br\/escolhas\/wp-json\/wp\/v2\/product_tag?post=67144"}],"curies":[{"name":"wp","href":"https:\/\/api.w.org\/{rel}","templated":true}]}}