{"id":67159,"date":"2024-07-04T15:28:47","date_gmt":"2024-07-04T18:28:47","guid":{"rendered":"https:\/\/estiloromano.smartjoias.com.br\/escolhas\/shop\/sem categoria\/anel-coracao-cravejado-verde-com-perola-banhado-a-ouro-tamanho19\/"},"modified":"2025-02-20T02:58:47","modified_gmt":"2025-02-20T05:58:47","slug":"anel-coracao-cravejado-verde-com-perola-banhado-a-ouro-tamanho19","status":"publish","type":"product","link":"https:\/\/estiloromano.smartjoias.com.br\/escolhas\/shop\/sem-categoria\/anel-coracao-cravejado-verde-com-perola-banhado-a-ouro-tamanho19\/","title":{"rendered":"Anel Cora\u00e7\u00e3o Cravejado Verde com P\u00e9rola &#8211; Banhado a Ouro Tamanho:19"},"content":{"rendered":"<p>Anel Cora\u00e7\u00e3o Cravejado Verde com P\u00e9rola &#8211; Banhado a Ouro Tamanho:19<\/p>\n","protected":false},"excerpt":{"rendered":"<p>Anel Cora\u00e7\u00e3o Cravejado Verde com P\u00e9rola &#8211; Banhado a Ouro Tamanho:19<\/p>\n","protected":false},"featured_media":0,"template":"","meta":[],"product_cat":[2480],"product_tag":[],"class_list":{"0":"post-67159","1":"product","2":"type-product","3":"status-publish","5":"product_cat-sem-categoria","7":"first","8":"instock","9":"shipping-taxable","10":"purchasable","11":"product-type-simple"},"_links":{"self":[{"href":"https:\/\/estiloromano.smartjoias.com.br\/escolhas\/wp-json\/wp\/v2\/product\/67159","targetHints":{"allow":["GET"]}}],"collection":[{"href":"https:\/\/estiloromano.smartjoias.com.br\/escolhas\/wp-json\/wp\/v2\/product"}],"about":[{"href":"https:\/\/estiloromano.smartjoias.com.br\/escolhas\/wp-json\/wp\/v2\/types\/product"}],"wp:attachment":[{"href":"https:\/\/estiloromano.smartjoias.com.br\/escolhas\/wp-json\/wp\/v2\/media?parent=67159"}],"wp:term":[{"taxonomy":"product_cat","embeddable":true,"href":"https:\/\/estiloromano.smartjoias.com.br\/escolhas\/wp-json\/wp\/v2\/product_cat?post=67159"},{"taxonomy":"product_tag","embeddable":true,"href":"https:\/\/estiloromano.smartjoias.com.br\/escolhas\/wp-json\/wp\/v2\/product_tag?post=67159"}],"curies":[{"name":"wp","href":"https:\/\/api.w.org\/{rel}","templated":true}]}}