{"id":67167,"date":"2024-07-04T15:29:07","date_gmt":"2024-07-04T18:29:07","guid":{"rendered":"https:\/\/estiloromano.smartjoias.com.br\/escolhas\/shop\/sem categoria\/colar-coracao-cravejado-vazado-nylon-banhado-a-rodio-branco\/"},"modified":"2025-02-20T02:58:54","modified_gmt":"2025-02-20T05:58:54","slug":"colar-coracao-cravejado-vazado-nylon-banhado-a-rodio-branco","status":"publish","type":"product","link":"https:\/\/estiloromano.smartjoias.com.br\/escolhas\/shop\/sem-categoria\/colar-coracao-cravejado-vazado-nylon-banhado-a-rodio-branco\/","title":{"rendered":"Colar Cora\u00e7\u00e3o Cravejado Vazado &#8211; Nylon &#8211; Banhado a R\u00f3dio Branco"},"content":{"rendered":"<p>Colar Cora\u00e7\u00e3o Cravejado Vazado &#8211; Nylon &#8211; Banhado a R\u00f3dio Branco<\/p>\n","protected":false},"excerpt":{"rendered":"<p>Colar Cora\u00e7\u00e3o Cravejado Vazado &#8211; Nylon &#8211; Banhado a R\u00f3dio Branco<\/p>\n","protected":false},"featured_media":103720,"template":"","meta":[],"product_cat":[2480],"product_tag":[],"class_list":{"0":"post-67167","1":"product","2":"type-product","3":"status-publish","4":"has-post-thumbnail","6":"product_cat-sem-categoria","8":"first","9":"instock","10":"shipping-taxable","11":"purchasable","12":"product-type-simple"},"fifu_image_url":"https:\/\/orgbling.s3.amazonaws.com\/25e28644d5bc765187a98d9415eab57d\/e900900e8eb56d26536c08ec20adf8f7?AWSAccessKeyId=AKIATCLMSGFX4J7TU445&Expires=1740635793&Signature=FZVAI5MhFvjMB5RWckr7YsP7cU4%3D","_links":{"self":[{"href":"https:\/\/estiloromano.smartjoias.com.br\/escolhas\/wp-json\/wp\/v2\/product\/67167","targetHints":{"allow":["GET"]}}],"collection":[{"href":"https:\/\/estiloromano.smartjoias.com.br\/escolhas\/wp-json\/wp\/v2\/product"}],"about":[{"href":"https:\/\/estiloromano.smartjoias.com.br\/escolhas\/wp-json\/wp\/v2\/types\/product"}],"wp:featuredmedia":[{"embeddable":true,"href":"https:\/\/estiloromano.smartjoias.com.br\/escolhas\/wp-json\/wp\/v2\/media\/103720"}],"wp:attachment":[{"href":"https:\/\/estiloromano.smartjoias.com.br\/escolhas\/wp-json\/wp\/v2\/media?parent=67167"}],"wp:term":[{"taxonomy":"product_cat","embeddable":true,"href":"https:\/\/estiloromano.smartjoias.com.br\/escolhas\/wp-json\/wp\/v2\/product_cat?post=67167"},{"taxonomy":"product_tag","embeddable":true,"href":"https:\/\/estiloromano.smartjoias.com.br\/escolhas\/wp-json\/wp\/v2\/product_tag?post=67167"}],"curies":[{"name":"wp","href":"https:\/\/api.w.org\/{rel}","templated":true}]}}