{"id":67184,"date":"2024-07-04T15:29:39","date_gmt":"2024-07-04T18:29:39","guid":{"rendered":"https:\/\/estiloromano.smartjoias.com.br\/escolhas\/shop\/sem categoria\/piercing-fake-elos-coracoes-banhado-a-ouro\/"},"modified":"2025-02-20T02:59:08","modified_gmt":"2025-02-20T05:59:08","slug":"piercing-fake-elos-coracoes-banhado-a-ouro","status":"publish","type":"product","link":"https:\/\/estiloromano.smartjoias.com.br\/escolhas\/shop\/sem-categoria\/piercing-fake-elos-coracoes-banhado-a-ouro\/","title":{"rendered":"Piercing Fake Elos Cora\u00e7\u00f5es &#8211; Banhado a Ouro"},"content":{"rendered":"<p>Piercing Fake Elos Cora\u00e7\u00f5es &#8211; Banhado a Ouro<\/p>\n","protected":false},"excerpt":{"rendered":"<p>Piercing Fake Elos Cora\u00e7\u00f5es &#8211; Banhado a Ouro<\/p>\n","protected":false},"featured_media":103729,"template":"","meta":[],"product_cat":[2480],"product_tag":[],"class_list":{"0":"post-67184","1":"product","2":"type-product","3":"status-publish","4":"has-post-thumbnail","6":"product_cat-sem-categoria","8":"first","9":"instock","10":"shipping-taxable","11":"purchasable","12":"product-type-simple"},"fifu_image_url":"https:\/\/orgbling.s3.amazonaws.com\/25e28644d5bc765187a98d9415eab57d\/e43666b8aa005dbdb27364d4aa547c53?AWSAccessKeyId=AKIATCLMSGFX4J7TU445&Expires=1740635943&Signature=J9tzj2EDUqHKeB6Pfqor3TNhTpw%3D","_links":{"self":[{"href":"https:\/\/estiloromano.smartjoias.com.br\/escolhas\/wp-json\/wp\/v2\/product\/67184","targetHints":{"allow":["GET"]}}],"collection":[{"href":"https:\/\/estiloromano.smartjoias.com.br\/escolhas\/wp-json\/wp\/v2\/product"}],"about":[{"href":"https:\/\/estiloromano.smartjoias.com.br\/escolhas\/wp-json\/wp\/v2\/types\/product"}],"wp:featuredmedia":[{"embeddable":true,"href":"https:\/\/estiloromano.smartjoias.com.br\/escolhas\/wp-json\/wp\/v2\/media\/103729"}],"wp:attachment":[{"href":"https:\/\/estiloromano.smartjoias.com.br\/escolhas\/wp-json\/wp\/v2\/media?parent=67184"}],"wp:term":[{"taxonomy":"product_cat","embeddable":true,"href":"https:\/\/estiloromano.smartjoias.com.br\/escolhas\/wp-json\/wp\/v2\/product_cat?post=67184"},{"taxonomy":"product_tag","embeddable":true,"href":"https:\/\/estiloromano.smartjoias.com.br\/escolhas\/wp-json\/wp\/v2\/product_tag?post=67184"}],"curies":[{"name":"wp","href":"https:\/\/api.w.org\/{rel}","templated":true}]}}