{"id":67201,"date":"2024-07-04T15:30:18","date_gmt":"2024-07-04T18:30:18","guid":{"rendered":"https:\/\/estiloromano.smartjoias.com.br\/escolhas\/shop\/sem categoria\/colar-nossa-senhora-coracao-cravejado-banhado-a-ouro\/"},"modified":"2025-02-20T02:59:21","modified_gmt":"2025-02-20T05:59:21","slug":"colar-nossa-senhora-coracao-cravejado-banhado-a-ouro","status":"publish","type":"product","link":"https:\/\/estiloromano.smartjoias.com.br\/escolhas\/shop\/sem-categoria\/colar-nossa-senhora-coracao-cravejado-banhado-a-ouro\/","title":{"rendered":"Colar Nossa Senhora Cora\u00e7\u00e3o Cravejado  &#8211; Banhado a Ouro"},"content":{"rendered":"<p>Colar Nossa Senhora Cora\u00e7\u00e3o Cravejado  &#8211; Banhado a Ouro<\/p>\n","protected":false},"excerpt":{"rendered":"<p>Colar Nossa Senhora Cora\u00e7\u00e3o Cravejado &#8211; Banhado a Ouro<\/p>\n","protected":false},"featured_media":103737,"template":"","meta":[],"product_cat":[2480],"product_tag":[],"class_list":{"0":"post-67201","1":"product","2":"type-product","3":"status-publish","4":"has-post-thumbnail","6":"product_cat-sem-categoria","8":"first","9":"instock","10":"shipping-taxable","11":"purchasable","12":"product-type-simple"},"fifu_image_url":"https:\/\/orgbling.s3.amazonaws.com\/25e28644d5bc765187a98d9415eab57d\/2b1fc2ba3091d2c3c9852dc2e410dfba?AWSAccessKeyId=AKIATCLMSGFX4J7TU445&Expires=1740635943&Signature=AV1h3ObuGYb4pvYhhJZ%2BmJNE1zc%3D","_links":{"self":[{"href":"https:\/\/estiloromano.smartjoias.com.br\/escolhas\/wp-json\/wp\/v2\/product\/67201","targetHints":{"allow":["GET"]}}],"collection":[{"href":"https:\/\/estiloromano.smartjoias.com.br\/escolhas\/wp-json\/wp\/v2\/product"}],"about":[{"href":"https:\/\/estiloromano.smartjoias.com.br\/escolhas\/wp-json\/wp\/v2\/types\/product"}],"wp:featuredmedia":[{"embeddable":true,"href":"https:\/\/estiloromano.smartjoias.com.br\/escolhas\/wp-json\/wp\/v2\/media\/103737"}],"wp:attachment":[{"href":"https:\/\/estiloromano.smartjoias.com.br\/escolhas\/wp-json\/wp\/v2\/media?parent=67201"}],"wp:term":[{"taxonomy":"product_cat","embeddable":true,"href":"https:\/\/estiloromano.smartjoias.com.br\/escolhas\/wp-json\/wp\/v2\/product_cat?post=67201"},{"taxonomy":"product_tag","embeddable":true,"href":"https:\/\/estiloromano.smartjoias.com.br\/escolhas\/wp-json\/wp\/v2\/product_tag?post=67201"}],"curies":[{"name":"wp","href":"https:\/\/api.w.org\/{rel}","templated":true}]}}