{"id":67219,"date":"2024-07-04T15:30:58","date_gmt":"2024-07-04T18:30:58","guid":{"rendered":"https:\/\/estiloromano.smartjoias.com.br\/escolhas\/shop\/sem categoria\/colar-tres-coracoes-lisos-banhado-a-ouro\/"},"modified":"2025-02-17T10:55:09","modified_gmt":"2025-02-17T13:55:09","slug":"colar-tres-coracoes-lisos-banhado-a-ouro","status":"publish","type":"product","link":"https:\/\/estiloromano.smartjoias.com.br\/escolhas\/shop\/sem-categoria\/colar-tres-coracoes-lisos-banhado-a-ouro\/","title":{"rendered":"Colar Tr\u00eas Cora\u00e7\u00f5es Lisos &#8211; Banhado a Ouro"},"content":{"rendered":"<p>Colar Tr\u00eas Cora\u00e7\u00f5es Lisos &#8211; Banhado a Ouro<\/p>\n","protected":false},"excerpt":{"rendered":"<p>Colar Tr\u00eas Cora\u00e7\u00f5es Lisos &#8211; Banhado a Ouro<\/p>\n","protected":false},"featured_media":103745,"template":"","meta":[],"product_cat":[2480],"product_tag":[],"class_list":{"0":"post-67219","1":"product","2":"type-product","3":"status-publish","4":"has-post-thumbnail","6":"product_cat-sem-categoria","8":"first","9":"instock","10":"shipping-taxable","11":"purchasable","12":"product-type-simple"},"fifu_image_url":"https:\/\/orgbling.s3.amazonaws.com\/25e28644d5bc765187a98d9415eab57d\/349151c3bac9b1492a17380ac76c6eb5?AWSAccessKeyId=AKIATCLMSGFX4J7TU445&Expires=1740405183&Signature=0ZR7wd8X3KqlyPQQOWkca2wgrGo%3D","_links":{"self":[{"href":"https:\/\/estiloromano.smartjoias.com.br\/escolhas\/wp-json\/wp\/v2\/product\/67219","targetHints":{"allow":["GET"]}}],"collection":[{"href":"https:\/\/estiloromano.smartjoias.com.br\/escolhas\/wp-json\/wp\/v2\/product"}],"about":[{"href":"https:\/\/estiloromano.smartjoias.com.br\/escolhas\/wp-json\/wp\/v2\/types\/product"}],"wp:featuredmedia":[{"embeddable":true,"href":"https:\/\/estiloromano.smartjoias.com.br\/escolhas\/wp-json\/wp\/v2\/media\/103745"}],"wp:attachment":[{"href":"https:\/\/estiloromano.smartjoias.com.br\/escolhas\/wp-json\/wp\/v2\/media?parent=67219"}],"wp:term":[{"taxonomy":"product_cat","embeddable":true,"href":"https:\/\/estiloromano.smartjoias.com.br\/escolhas\/wp-json\/wp\/v2\/product_cat?post=67219"},{"taxonomy":"product_tag","embeddable":true,"href":"https:\/\/estiloromano.smartjoias.com.br\/escolhas\/wp-json\/wp\/v2\/product_tag?post=67219"}],"curies":[{"name":"wp","href":"https:\/\/api.w.org\/{rel}","templated":true}]}}