{"id":67225,"date":"2024-07-04T15:31:11","date_gmt":"2024-07-04T18:31:11","guid":{"rendered":"https:\/\/estiloromano.smartjoias.com.br\/escolhas\/shop\/sem categoria\/pulseira-terco-sao-bento-banhado-a-ouro\/"},"modified":"2025-02-17T10:55:14","modified_gmt":"2025-02-17T13:55:14","slug":"pulseira-terco-sao-bento-banhado-a-ouro","status":"publish","type":"product","link":"https:\/\/estiloromano.smartjoias.com.br\/escolhas\/shop\/sem-categoria\/pulseira-terco-sao-bento-banhado-a-ouro\/","title":{"rendered":"Pulseira Ter\u00e7o S\u00e3o Bento  &#8211; Banhado a Ouro"},"content":{"rendered":"<p>Pulseira Ter\u00e7o S\u00e3o Bento  &#8211; Banhado a Ouro<\/p>\n","protected":false},"excerpt":{"rendered":"<p>Pulseira Ter\u00e7o S\u00e3o Bento &#8211; Banhado a Ouro<\/p>\n","protected":false},"featured_media":103748,"template":"","meta":[],"product_cat":[2480],"product_tag":[],"class_list":{"0":"post-67225","1":"product","2":"type-product","3":"status-publish","4":"has-post-thumbnail","6":"product_cat-sem-categoria","8":"first","9":"instock","10":"shipping-taxable","11":"purchasable","12":"product-type-simple"},"fifu_image_url":"https:\/\/orgbling.s3.amazonaws.com\/25e28644d5bc765187a98d9415eab57d\/6907babf95169d47defbdb01b39ea5e4?AWSAccessKeyId=AKIATCLMSGFX4J7TU445&Expires=1740405183&Signature=oBlej37rzBPojpirKr9Sd7uYOrU%3D","_links":{"self":[{"href":"https:\/\/estiloromano.smartjoias.com.br\/escolhas\/wp-json\/wp\/v2\/product\/67225","targetHints":{"allow":["GET"]}}],"collection":[{"href":"https:\/\/estiloromano.smartjoias.com.br\/escolhas\/wp-json\/wp\/v2\/product"}],"about":[{"href":"https:\/\/estiloromano.smartjoias.com.br\/escolhas\/wp-json\/wp\/v2\/types\/product"}],"wp:featuredmedia":[{"embeddable":true,"href":"https:\/\/estiloromano.smartjoias.com.br\/escolhas\/wp-json\/wp\/v2\/media\/103748"}],"wp:attachment":[{"href":"https:\/\/estiloromano.smartjoias.com.br\/escolhas\/wp-json\/wp\/v2\/media?parent=67225"}],"wp:term":[{"taxonomy":"product_cat","embeddable":true,"href":"https:\/\/estiloromano.smartjoias.com.br\/escolhas\/wp-json\/wp\/v2\/product_cat?post=67225"},{"taxonomy":"product_tag","embeddable":true,"href":"https:\/\/estiloromano.smartjoias.com.br\/escolhas\/wp-json\/wp\/v2\/product_tag?post=67225"}],"curies":[{"name":"wp","href":"https:\/\/api.w.org\/{rel}","templated":true}]}}