{"id":72705,"date":"2024-07-18T10:51:54","date_gmt":"2024-07-18T13:51:54","guid":{"rendered":"https:\/\/estiloromano.smartjoias.com.br\/escolhas\/shop\/sem categoria\/colar-coracao-cravejado-mandala-banhado-a-rodio-branco\/"},"modified":"2025-03-05T08:39:49","modified_gmt":"2025-03-05T11:39:49","slug":"colar-coracao-cravejado-mandala-banhado-a-rodio-branco","status":"publish","type":"product","link":"https:\/\/estiloromano.smartjoias.com.br\/escolhas\/shop\/sem-categoria\/colar-coracao-cravejado-mandala-banhado-a-rodio-branco\/","title":{"rendered":"Colar Cora\u00e7\u00e3o Cravejado Mandala &#8211; Banhado a R\u00f3dio Branco"},"content":{"rendered":"<p>Colar Cora\u00e7\u00e3o Cravejado Mandala &#8211; Banhado a R\u00f3dio Branco<\/p>\n","protected":false},"excerpt":{"rendered":"<p>Colar Cora\u00e7\u00e3o Cravejado Mandala &#8211; Banhado a R\u00f3dio Branco<\/p>\n","protected":false},"featured_media":103413,"template":"","meta":[],"product_cat":[2480],"product_tag":[],"class_list":{"0":"post-72705","1":"product","2":"type-product","3":"status-publish","4":"has-post-thumbnail","6":"product_cat-sem-categoria","8":"first","9":"instock","10":"shipping-taxable","11":"purchasable","12":"product-type-simple"},"fifu_image_url":"https:\/\/orgbling.s3.amazonaws.com\/25e28644d5bc765187a98d9415eab57d\/82fa88149463b31114a944987865a7a3?AWSAccessKeyId=AKIATCLMSGFX4J7TU445&Expires=1741779485&Signature=1aj9J8X0XZfn1nHhCN3OtbWfgGw%3D","_links":{"self":[{"href":"https:\/\/estiloromano.smartjoias.com.br\/escolhas\/wp-json\/wp\/v2\/product\/72705","targetHints":{"allow":["GET"]}}],"collection":[{"href":"https:\/\/estiloromano.smartjoias.com.br\/escolhas\/wp-json\/wp\/v2\/product"}],"about":[{"href":"https:\/\/estiloromano.smartjoias.com.br\/escolhas\/wp-json\/wp\/v2\/types\/product"}],"wp:featuredmedia":[{"embeddable":true,"href":"https:\/\/estiloromano.smartjoias.com.br\/escolhas\/wp-json\/wp\/v2\/media\/103413"}],"wp:attachment":[{"href":"https:\/\/estiloromano.smartjoias.com.br\/escolhas\/wp-json\/wp\/v2\/media?parent=72705"}],"wp:term":[{"taxonomy":"product_cat","embeddable":true,"href":"https:\/\/estiloromano.smartjoias.com.br\/escolhas\/wp-json\/wp\/v2\/product_cat?post=72705"},{"taxonomy":"product_tag","embeddable":true,"href":"https:\/\/estiloromano.smartjoias.com.br\/escolhas\/wp-json\/wp\/v2\/product_tag?post=72705"}],"curies":[{"name":"wp","href":"https:\/\/api.w.org\/{rel}","templated":true}]}}