{"id":72728,"date":"2024-07-18T10:52:55","date_gmt":"2024-07-18T13:52:55","guid":{"rendered":"https:\/\/estiloromano.smartjoias.com.br\/escolhas\/shop\/sem categoria\/brinco-coracao-vazado-cravejado-banhado-a-rodio-branco-2\/"},"modified":"2025-03-05T08:40:25","modified_gmt":"2025-03-05T11:40:25","slug":"brinco-coracao-vazado-cravejado-banhado-a-rodio-branco-2","status":"publish","type":"product","link":"https:\/\/estiloromano.smartjoias.com.br\/escolhas\/shop\/sem-categoria\/brinco-coracao-vazado-cravejado-banhado-a-rodio-branco-2\/","title":{"rendered":"Brinco Cora\u00e7\u00e3o Vazado Cravejado &#8211; Banhado a R\u00f3dio Branco"},"content":{"rendered":"<p>Brinco Cora\u00e7\u00e3o Vazado Cravejado &#8211; Banhado a R\u00f3dio Branco<\/p>\n","protected":false},"excerpt":{"rendered":"<p>Brinco Cora\u00e7\u00e3o Vazado Cravejado &#8211; Banhado a R\u00f3dio Branco<\/p>\n","protected":false},"featured_media":103435,"template":"","meta":[],"product_cat":[2480],"product_tag":[],"class_list":{"0":"post-72728","1":"product","2":"type-product","3":"status-publish","4":"has-post-thumbnail","6":"product_cat-sem-categoria","8":"first","9":"instock","10":"shipping-taxable","11":"purchasable","12":"product-type-simple"},"fifu_image_url":"https:\/\/orgbling.s3.amazonaws.com\/25e28644d5bc765187a98d9415eab57d\/9551af168915c2032695e146c91ce052?AWSAccessKeyId=AKIATCLMSGFX4J7TU445&Expires=1741779485&Signature=FwfWELV7%2F5dDJFCYguFsOs5CgL0%3D","_links":{"self":[{"href":"https:\/\/estiloromano.smartjoias.com.br\/escolhas\/wp-json\/wp\/v2\/product\/72728","targetHints":{"allow":["GET"]}}],"collection":[{"href":"https:\/\/estiloromano.smartjoias.com.br\/escolhas\/wp-json\/wp\/v2\/product"}],"about":[{"href":"https:\/\/estiloromano.smartjoias.com.br\/escolhas\/wp-json\/wp\/v2\/types\/product"}],"wp:featuredmedia":[{"embeddable":true,"href":"https:\/\/estiloromano.smartjoias.com.br\/escolhas\/wp-json\/wp\/v2\/media\/103435"}],"wp:attachment":[{"href":"https:\/\/estiloromano.smartjoias.com.br\/escolhas\/wp-json\/wp\/v2\/media?parent=72728"}],"wp:term":[{"taxonomy":"product_cat","embeddable":true,"href":"https:\/\/estiloromano.smartjoias.com.br\/escolhas\/wp-json\/wp\/v2\/product_cat?post=72728"},{"taxonomy":"product_tag","embeddable":true,"href":"https:\/\/estiloromano.smartjoias.com.br\/escolhas\/wp-json\/wp\/v2\/product_tag?post=72728"}],"curies":[{"name":"wp","href":"https:\/\/api.w.org\/{rel}","templated":true}]}}