{"id":72730,"date":"2024-07-18T10:53:03","date_gmt":"2024-07-18T13:53:03","guid":{"rendered":"https:\/\/estiloromano.smartjoias.com.br\/escolhas\/shop\/sem categoria\/brinco-coracao-liso-4mm-banhado-a-rodio-branco\/"},"modified":"2025-03-05T08:40:29","modified_gmt":"2025-03-05T11:40:29","slug":"brinco-coracao-liso-4mm-banhado-a-rodio-branco","status":"publish","type":"product","link":"https:\/\/estiloromano.smartjoias.com.br\/escolhas\/shop\/sem-categoria\/brinco-coracao-liso-4mm-banhado-a-rodio-branco\/","title":{"rendered":"Brinco Cora\u00e7\u00e3o Liso 4mm &#8211; Banhado a R\u00f3dio Branco"},"content":{"rendered":"<p>Brinco Cora\u00e7\u00e3o Liso 4mm &#8211; Banhado a R\u00f3dio Branco<\/p>\n","protected":false},"excerpt":{"rendered":"<p>Brinco Cora\u00e7\u00e3o Liso 4mm &#8211; Banhado a R\u00f3dio Branco<\/p>\n","protected":false},"featured_media":103437,"template":"","meta":[],"product_cat":[2480],"product_tag":[],"class_list":{"0":"post-72730","1":"product","2":"type-product","3":"status-publish","4":"has-post-thumbnail","6":"product_cat-sem-categoria","8":"first","9":"instock","10":"shipping-taxable","11":"purchasable","12":"product-type-simple"},"fifu_image_url":"https:\/\/orgbling.s3.amazonaws.com\/25e28644d5bc765187a98d9415eab57d\/8c4df241cb0b2260bef5c08e1b7e7146?AWSAccessKeyId=AKIATCLMSGFX4J7TU445&Expires=1741779485&Signature=4%2B5j5izuGKLlZ49mPbWnMYtf4Gc%3D","_links":{"self":[{"href":"https:\/\/estiloromano.smartjoias.com.br\/escolhas\/wp-json\/wp\/v2\/product\/72730","targetHints":{"allow":["GET"]}}],"collection":[{"href":"https:\/\/estiloromano.smartjoias.com.br\/escolhas\/wp-json\/wp\/v2\/product"}],"about":[{"href":"https:\/\/estiloromano.smartjoias.com.br\/escolhas\/wp-json\/wp\/v2\/types\/product"}],"wp:featuredmedia":[{"embeddable":true,"href":"https:\/\/estiloromano.smartjoias.com.br\/escolhas\/wp-json\/wp\/v2\/media\/103437"}],"wp:attachment":[{"href":"https:\/\/estiloromano.smartjoias.com.br\/escolhas\/wp-json\/wp\/v2\/media?parent=72730"}],"wp:term":[{"taxonomy":"product_cat","embeddable":true,"href":"https:\/\/estiloromano.smartjoias.com.br\/escolhas\/wp-json\/wp\/v2\/product_cat?post=72730"},{"taxonomy":"product_tag","embeddable":true,"href":"https:\/\/estiloromano.smartjoias.com.br\/escolhas\/wp-json\/wp\/v2\/product_tag?post=72730"}],"curies":[{"name":"wp","href":"https:\/\/api.w.org\/{rel}","templated":true}]}}