{"id":73737,"date":"2024-07-19T10:50:44","date_gmt":"2024-07-19T13:50:44","guid":{"rendered":"https:\/\/estiloromano.smartjoias.com.br\/escolhas\/shop\/sem categoria\/brinco-coracao-cravejado-zirconia-rosa-10mm-banhado-a-rodio-branco\/"},"modified":"2025-03-05T08:38:35","modified_gmt":"2025-03-05T11:38:35","slug":"brinco-coracao-cravejado-zirconia-rosa-10mm-banhado-a-rodio-branco","status":"publish","type":"product","link":"https:\/\/estiloromano.smartjoias.com.br\/escolhas\/shop\/sem-categoria\/brinco-coracao-cravejado-zirconia-rosa-10mm-banhado-a-rodio-branco\/","title":{"rendered":"Brinco Cora\u00e7\u00e3o Cravejado Zirc\u00f4nia Rosa 10mm &#8211; Banhado a R\u00f3dio Branco"},"content":{"rendered":"<p>Brinco Cora\u00e7\u00e3o Cravejado Zirc\u00f4nia Rosa 10mm &#8211; Banhado a R\u00f3dio Branco<\/p>\n","protected":false},"excerpt":{"rendered":"<p>Brinco Cora\u00e7\u00e3o Cravejado Zirc\u00f4nia Rosa 10mm &#8211; Banhado a R\u00f3dio Branco<\/p>\n","protected":false},"featured_media":103374,"template":"","meta":[],"product_cat":[2480],"product_tag":[],"class_list":{"0":"post-73737","1":"product","2":"type-product","3":"status-publish","4":"has-post-thumbnail","6":"product_cat-sem-categoria","8":"first","9":"instock","10":"shipping-taxable","11":"purchasable","12":"product-type-simple"},"fifu_image_url":"https:\/\/orgbling.s3.amazonaws.com\/25e28644d5bc765187a98d9415eab57d\/d1418471a5a215961faa6aae6c5064e6?AWSAccessKeyId=AKIATCLMSGFX4J7TU445&Expires=1741779485&Signature=fp2H9T6%2Fv3uL8gMvHZXFV%2Binr38%3D","_links":{"self":[{"href":"https:\/\/estiloromano.smartjoias.com.br\/escolhas\/wp-json\/wp\/v2\/product\/73737","targetHints":{"allow":["GET"]}}],"collection":[{"href":"https:\/\/estiloromano.smartjoias.com.br\/escolhas\/wp-json\/wp\/v2\/product"}],"about":[{"href":"https:\/\/estiloromano.smartjoias.com.br\/escolhas\/wp-json\/wp\/v2\/types\/product"}],"wp:featuredmedia":[{"embeddable":true,"href":"https:\/\/estiloromano.smartjoias.com.br\/escolhas\/wp-json\/wp\/v2\/media\/103374"}],"wp:attachment":[{"href":"https:\/\/estiloromano.smartjoias.com.br\/escolhas\/wp-json\/wp\/v2\/media?parent=73737"}],"wp:term":[{"taxonomy":"product_cat","embeddable":true,"href":"https:\/\/estiloromano.smartjoias.com.br\/escolhas\/wp-json\/wp\/v2\/product_cat?post=73737"},{"taxonomy":"product_tag","embeddable":true,"href":"https:\/\/estiloromano.smartjoias.com.br\/escolhas\/wp-json\/wp\/v2\/product_tag?post=73737"}],"curies":[{"name":"wp","href":"https:\/\/api.w.org\/{rel}","templated":true}]}}