{"id":73749,"date":"2024-07-19T10:51:26","date_gmt":"2024-07-19T13:51:26","guid":{"rendered":"https:\/\/estiloromano.smartjoias.com.br\/escolhas\/shop\/sem categoria\/brinco-coracao-zirconia-cristal-10mm-banhado-a-ouro\/"},"modified":"2025-03-05T08:38:57","modified_gmt":"2025-03-05T11:38:57","slug":"brinco-coracao-zirconia-cristal-10mm-banhado-a-ouro","status":"publish","type":"product","link":"https:\/\/estiloromano.smartjoias.com.br\/escolhas\/shop\/sem-categoria\/brinco-coracao-zirconia-cristal-10mm-banhado-a-ouro\/","title":{"rendered":"Brinco Cora\u00e7\u00e3o Zirc\u00f4nia Cristal 10mm &#8211; Banhado a Ouro"},"content":{"rendered":"<p>Brinco Cora\u00e7\u00e3o Zirc\u00f4nia Cristal 10mm &#8211; Banhado a Ouro<\/p>\n","protected":false},"excerpt":{"rendered":"<p>Brinco Cora\u00e7\u00e3o Zirc\u00f4nia Cristal 10mm &#8211; Banhado a Ouro<\/p>\n","protected":false},"featured_media":103385,"template":"","meta":[],"product_cat":[2480],"product_tag":[],"class_list":{"0":"post-73749","1":"product","2":"type-product","3":"status-publish","4":"has-post-thumbnail","6":"product_cat-sem-categoria","8":"first","9":"instock","10":"shipping-taxable","11":"purchasable","12":"product-type-simple"},"fifu_image_url":"https:\/\/orgbling.s3.amazonaws.com\/25e28644d5bc765187a98d9415eab57d\/8674b82fcc4314182967e50969e26371?AWSAccessKeyId=AKIATCLMSGFX4J7TU445&Expires=1741779485&Signature=Y9FkKz881UPeD2SPG%2FecRLyt7vU%3D","_links":{"self":[{"href":"https:\/\/estiloromano.smartjoias.com.br\/escolhas\/wp-json\/wp\/v2\/product\/73749","targetHints":{"allow":["GET"]}}],"collection":[{"href":"https:\/\/estiloromano.smartjoias.com.br\/escolhas\/wp-json\/wp\/v2\/product"}],"about":[{"href":"https:\/\/estiloromano.smartjoias.com.br\/escolhas\/wp-json\/wp\/v2\/types\/product"}],"wp:featuredmedia":[{"embeddable":true,"href":"https:\/\/estiloromano.smartjoias.com.br\/escolhas\/wp-json\/wp\/v2\/media\/103385"}],"wp:attachment":[{"href":"https:\/\/estiloromano.smartjoias.com.br\/escolhas\/wp-json\/wp\/v2\/media?parent=73749"}],"wp:term":[{"taxonomy":"product_cat","embeddable":true,"href":"https:\/\/estiloromano.smartjoias.com.br\/escolhas\/wp-json\/wp\/v2\/product_cat?post=73749"},{"taxonomy":"product_tag","embeddable":true,"href":"https:\/\/estiloromano.smartjoias.com.br\/escolhas\/wp-json\/wp\/v2\/product_tag?post=73749"}],"curies":[{"name":"wp","href":"https:\/\/api.w.org\/{rel}","templated":true}]}}