{"id":75604,"date":"2024-07-22T20:43:21","date_gmt":"2024-07-22T23:43:21","guid":{"rendered":"https:\/\/estiloromano.smartjoias.com.br\/escolhas\/shop\/sem categoria\/brinco-perolas-com-zirconias-cravejadas-banhado-a-rodio-branco\/"},"modified":"2025-03-05T08:38:02","modified_gmt":"2025-03-05T11:38:02","slug":"brinco-perolas-com-zirconias-cravejadas-banhado-a-rodio-branco","status":"publish","type":"product","link":"https:\/\/estiloromano.smartjoias.com.br\/escolhas\/shop\/sem-categoria\/brinco-perolas-com-zirconias-cravejadas-banhado-a-rodio-branco\/","title":{"rendered":"Brinco P\u00e9rolas com Zirc\u00f4nias Cravejadas &#8211; Banhado a R\u00f3dio Branco"},"content":{"rendered":"<p>Brinco P\u00e9rolas com Zirc\u00f4nias Cravejadas &#8211; Banhado a R\u00f3dio Branco<\/p>\n","protected":false},"excerpt":{"rendered":"<p>Brinco P\u00e9rolas com Zirc\u00f4nias Cravejadas &#8211; Banhado a R\u00f3dio Branco<\/p>\n","protected":false},"featured_media":103359,"template":"","meta":[],"product_cat":[2480],"product_tag":[],"class_list":{"0":"post-75604","1":"product","2":"type-product","3":"status-publish","4":"has-post-thumbnail","6":"product_cat-sem-categoria","8":"first","9":"instock","10":"shipping-taxable","11":"purchasable","12":"product-type-simple"},"fifu_image_url":"https:\/\/orgbling.s3.amazonaws.com\/25e28644d5bc765187a98d9415eab57d\/73393fb3cc6dcc81d70a9effce0169ce?AWSAccessKeyId=AKIATCLMSGFX4J7TU445&Expires=1741779286&Signature=bciffqYy4UB86CH9BNFKJn%2Fk60Y%3D","_links":{"self":[{"href":"https:\/\/estiloromano.smartjoias.com.br\/escolhas\/wp-json\/wp\/v2\/product\/75604","targetHints":{"allow":["GET"]}}],"collection":[{"href":"https:\/\/estiloromano.smartjoias.com.br\/escolhas\/wp-json\/wp\/v2\/product"}],"about":[{"href":"https:\/\/estiloromano.smartjoias.com.br\/escolhas\/wp-json\/wp\/v2\/types\/product"}],"wp:featuredmedia":[{"embeddable":true,"href":"https:\/\/estiloromano.smartjoias.com.br\/escolhas\/wp-json\/wp\/v2\/media\/103359"}],"wp:attachment":[{"href":"https:\/\/estiloromano.smartjoias.com.br\/escolhas\/wp-json\/wp\/v2\/media?parent=75604"}],"wp:term":[{"taxonomy":"product_cat","embeddable":true,"href":"https:\/\/estiloromano.smartjoias.com.br\/escolhas\/wp-json\/wp\/v2\/product_cat?post=75604"},{"taxonomy":"product_tag","embeddable":true,"href":"https:\/\/estiloromano.smartjoias.com.br\/escolhas\/wp-json\/wp\/v2\/product_tag?post=75604"}],"curies":[{"name":"wp","href":"https:\/\/api.w.org\/{rel}","templated":true}]}}