{"id":76502,"date":"2024-07-29T10:33:42","date_gmt":"2024-07-29T13:33:42","guid":{"rendered":"https:\/\/estiloromano.smartjoias.com.br\/escolhas\/shop\/sem categoria\/colar-coracao-zirconia-vermelha-banhado-a-ouro-2\/"},"modified":"2025-03-05T08:36:05","modified_gmt":"2025-03-05T11:36:05","slug":"colar-coracao-zirconia-vermelha-banhado-a-ouro-2","status":"publish","type":"product","link":"https:\/\/estiloromano.smartjoias.com.br\/escolhas\/shop\/sem-categoria\/colar-coracao-zirconia-vermelha-banhado-a-ouro-2\/","title":{"rendered":"Colar Cora\u00e7\u00e3o Zirc\u00f4nia Vermelha &#8211; Banhado a Ouro"},"content":{"rendered":"<p>Colar Cora\u00e7\u00e3o Zirc\u00f4nia Vermelha &#8211; Banhado a Ouro<\/p>\n","protected":false},"excerpt":{"rendered":"<p>Colar Cora\u00e7\u00e3o Zirc\u00f4nia Vermelha &#8211; Banhado a Ouro<\/p>\n","protected":false},"featured_media":103305,"template":"","meta":[],"product_cat":[2480],"product_tag":[],"class_list":{"0":"post-76502","1":"product","2":"type-product","3":"status-publish","4":"has-post-thumbnail","6":"product_cat-sem-categoria","8":"first","9":"instock","10":"shipping-taxable","11":"purchasable","12":"product-type-simple"},"fifu_image_url":"https:\/\/orgbling.s3.amazonaws.com\/25e28644d5bc765187a98d9415eab57d\/64737a2207abd75a5c5265f4c5d7564d?AWSAccessKeyId=AKIATCLMSGFX4J7TU445&Expires=1741779286&Signature=HOHT%2BRHt2qeOPHj4hhJV88vvWqQ%3D","_links":{"self":[{"href":"https:\/\/estiloromano.smartjoias.com.br\/escolhas\/wp-json\/wp\/v2\/product\/76502","targetHints":{"allow":["GET"]}}],"collection":[{"href":"https:\/\/estiloromano.smartjoias.com.br\/escolhas\/wp-json\/wp\/v2\/product"}],"about":[{"href":"https:\/\/estiloromano.smartjoias.com.br\/escolhas\/wp-json\/wp\/v2\/types\/product"}],"wp:featuredmedia":[{"embeddable":true,"href":"https:\/\/estiloromano.smartjoias.com.br\/escolhas\/wp-json\/wp\/v2\/media\/103305"}],"wp:attachment":[{"href":"https:\/\/estiloromano.smartjoias.com.br\/escolhas\/wp-json\/wp\/v2\/media?parent=76502"}],"wp:term":[{"taxonomy":"product_cat","embeddable":true,"href":"https:\/\/estiloromano.smartjoias.com.br\/escolhas\/wp-json\/wp\/v2\/product_cat?post=76502"},{"taxonomy":"product_tag","embeddable":true,"href":"https:\/\/estiloromano.smartjoias.com.br\/escolhas\/wp-json\/wp\/v2\/product_tag?post=76502"}],"curies":[{"name":"wp","href":"https:\/\/api.w.org\/{rel}","templated":true}]}}