{"id":78325,"date":"2024-08-02T23:51:32","date_gmt":"2024-08-03T02:51:32","guid":{"rendered":"https:\/\/estiloromano.smartjoias.com.br\/escolhas\/shop\/sem categoria\/kit-trio-argolinhas-coracoes-lisos-banhado-a-rodio-branco\/"},"modified":"2025-03-05T08:34:03","modified_gmt":"2025-03-05T11:34:03","slug":"kit-trio-argolinhas-coracoes-lisos-banhado-a-rodio-branco","status":"publish","type":"product","link":"https:\/\/estiloromano.smartjoias.com.br\/escolhas\/shop\/sem-categoria\/kit-trio-argolinhas-coracoes-lisos-banhado-a-rodio-branco\/","title":{"rendered":"Kit Trio Argolinhas Cora\u00e7\u00f5es Lisos &#8211; Banhado a R\u00f3dio Branco"},"content":{"rendered":"<p>Kit Trio Argolinhas Cora\u00e7\u00f5es Lisos &#8211; Banhado a R\u00f3dio Branco<\/p>\n","protected":false},"excerpt":{"rendered":"<p>Kit Trio Argolinhas Cora\u00e7\u00f5es Lisos &#8211; Banhado a R\u00f3dio Branco<\/p>\n","protected":false},"featured_media":103253,"template":"","meta":[],"product_cat":[2480],"product_tag":[],"class_list":{"0":"post-78325","1":"product","2":"type-product","3":"status-publish","4":"has-post-thumbnail","6":"product_cat-sem-categoria","8":"first","9":"instock","10":"shipping-taxable","11":"purchasable","12":"product-type-simple"},"fifu_image_url":"https:\/\/orgbling.s3.amazonaws.com\/25e28644d5bc765187a98d9415eab57d\/52b4306c3ccc2c565e565ee529c905da?AWSAccessKeyId=AKIATCLMSGFX4J7TU445&Expires=1741779099&Signature=EFKw%2FzOsKn8mkcBXCHoZG7EuH9A%3D","_links":{"self":[{"href":"https:\/\/estiloromano.smartjoias.com.br\/escolhas\/wp-json\/wp\/v2\/product\/78325","targetHints":{"allow":["GET"]}}],"collection":[{"href":"https:\/\/estiloromano.smartjoias.com.br\/escolhas\/wp-json\/wp\/v2\/product"}],"about":[{"href":"https:\/\/estiloromano.smartjoias.com.br\/escolhas\/wp-json\/wp\/v2\/types\/product"}],"wp:featuredmedia":[{"embeddable":true,"href":"https:\/\/estiloromano.smartjoias.com.br\/escolhas\/wp-json\/wp\/v2\/media\/103253"}],"wp:attachment":[{"href":"https:\/\/estiloromano.smartjoias.com.br\/escolhas\/wp-json\/wp\/v2\/media?parent=78325"}],"wp:term":[{"taxonomy":"product_cat","embeddable":true,"href":"https:\/\/estiloromano.smartjoias.com.br\/escolhas\/wp-json\/wp\/v2\/product_cat?post=78325"},{"taxonomy":"product_tag","embeddable":true,"href":"https:\/\/estiloromano.smartjoias.com.br\/escolhas\/wp-json\/wp\/v2\/product_tag?post=78325"}],"curies":[{"name":"wp","href":"https:\/\/api.w.org\/{rel}","templated":true}]}}