{"id":78332,"date":"2024-08-02T23:55:44","date_gmt":"2024-08-03T02:55:44","guid":{"rendered":"https:\/\/estiloromano.smartjoias.com.br\/escolhas\/shop\/sem categoria\/colar-coracao-cravejado-mandala-banhado-a-ouro\/"},"modified":"2025-03-05T08:34:16","modified_gmt":"2025-03-05T11:34:16","slug":"colar-coracao-cravejado-mandala-banhado-a-ouro","status":"publish","type":"product","link":"https:\/\/estiloromano.smartjoias.com.br\/escolhas\/shop\/sem-categoria\/colar-coracao-cravejado-mandala-banhado-a-ouro\/","title":{"rendered":"Colar Cora\u00e7\u00e3o Cravejado Mandala &#8211; Banhado a Ouro"},"content":{"rendered":"<p>Colar Cora\u00e7\u00e3o Cravejado Mandala &#8211; Banhado a Ouro<\/p>\n","protected":false},"excerpt":{"rendered":"<p>Colar Cora\u00e7\u00e3o Cravejado Mandala &#8211; Banhado a Ouro<\/p>\n","protected":false},"featured_media":106957,"template":"","meta":[],"product_cat":[2480],"product_tag":[],"class_list":{"0":"post-78332","1":"product","2":"type-product","3":"status-publish","4":"has-post-thumbnail","6":"product_cat-sem-categoria","8":"first","9":"instock","10":"shipping-taxable","11":"purchasable","12":"product-type-simple"},"fifu_image_url":"https:\/\/orgbling.s3.amazonaws.com\/25e28644d5bc765187a98d9415eab57d\/b0fb36d06e0f64848874c82278d538f2?AWSAccessKeyId=AKIATCLMSGFX4J7TU445&Expires=1741779099&Signature=2xWJeZSDgjrEUqnIb7if%2Fe631zQ%3D","_links":{"self":[{"href":"https:\/\/estiloromano.smartjoias.com.br\/escolhas\/wp-json\/wp\/v2\/product\/78332","targetHints":{"allow":["GET"]}}],"collection":[{"href":"https:\/\/estiloromano.smartjoias.com.br\/escolhas\/wp-json\/wp\/v2\/product"}],"about":[{"href":"https:\/\/estiloromano.smartjoias.com.br\/escolhas\/wp-json\/wp\/v2\/types\/product"}],"wp:featuredmedia":[{"embeddable":true,"href":"https:\/\/estiloromano.smartjoias.com.br\/escolhas\/wp-json\/wp\/v2\/media\/106957"}],"wp:attachment":[{"href":"https:\/\/estiloromano.smartjoias.com.br\/escolhas\/wp-json\/wp\/v2\/media?parent=78332"}],"wp:term":[{"taxonomy":"product_cat","embeddable":true,"href":"https:\/\/estiloromano.smartjoias.com.br\/escolhas\/wp-json\/wp\/v2\/product_cat?post=78332"},{"taxonomy":"product_tag","embeddable":true,"href":"https:\/\/estiloromano.smartjoias.com.br\/escolhas\/wp-json\/wp\/v2\/product_tag?post=78332"}],"curies":[{"name":"wp","href":"https:\/\/api.w.org\/{rel}","templated":true}]}}