{"id":78336,"date":"2024-08-02T23:57:32","date_gmt":"2024-08-03T02:57:32","guid":{"rendered":"https:\/\/estiloromano.smartjoias.com.br\/escolhas\/shop\/sem categoria\/brinco-argolinha-coracao-cravejado-15mm-banhado-a-ouro\/"},"modified":"2025-03-05T08:34:23","modified_gmt":"2025-03-05T11:34:23","slug":"brinco-argolinha-coracao-cravejado-15mm-banhado-a-ouro","status":"publish","type":"product","link":"https:\/\/estiloromano.smartjoias.com.br\/escolhas\/shop\/sem-categoria\/brinco-argolinha-coracao-cravejado-15mm-banhado-a-ouro\/","title":{"rendered":"Brinco Argolinha Cora\u00e7\u00e3o Cravejado 15mm &#8211; Banhado a Ouro"},"content":{"rendered":"<p>Brinco Argolinha Cora\u00e7\u00e3o Cravejado 15mm &#8211; Banhado a Ouro<\/p>\n","protected":false},"excerpt":{"rendered":"<p>Brinco Argolinha Cora\u00e7\u00e3o Cravejado 15mm &#8211; Banhado a Ouro<\/p>\n","protected":false},"featured_media":103262,"template":"","meta":[],"product_cat":[2480],"product_tag":[],"class_list":{"0":"post-78336","1":"product","2":"type-product","3":"status-publish","4":"has-post-thumbnail","6":"product_cat-sem-categoria","8":"first","9":"instock","10":"shipping-taxable","11":"purchasable","12":"product-type-simple"},"fifu_image_url":"https:\/\/orgbling.s3.amazonaws.com\/25e28644d5bc765187a98d9415eab57d\/6fcb3c7dd8e86d6556e5ab10c1a3fab9?AWSAccessKeyId=AKIATCLMSGFX4J7TU445&Expires=1741779099&Signature=4ft%2B9aYZfKTo4BjlawBwqqob5mc%3D","_links":{"self":[{"href":"https:\/\/estiloromano.smartjoias.com.br\/escolhas\/wp-json\/wp\/v2\/product\/78336","targetHints":{"allow":["GET"]}}],"collection":[{"href":"https:\/\/estiloromano.smartjoias.com.br\/escolhas\/wp-json\/wp\/v2\/product"}],"about":[{"href":"https:\/\/estiloromano.smartjoias.com.br\/escolhas\/wp-json\/wp\/v2\/types\/product"}],"wp:featuredmedia":[{"embeddable":true,"href":"https:\/\/estiloromano.smartjoias.com.br\/escolhas\/wp-json\/wp\/v2\/media\/103262"}],"wp:attachment":[{"href":"https:\/\/estiloromano.smartjoias.com.br\/escolhas\/wp-json\/wp\/v2\/media?parent=78336"}],"wp:term":[{"taxonomy":"product_cat","embeddable":true,"href":"https:\/\/estiloromano.smartjoias.com.br\/escolhas\/wp-json\/wp\/v2\/product_cat?post=78336"},{"taxonomy":"product_tag","embeddable":true,"href":"https:\/\/estiloromano.smartjoias.com.br\/escolhas\/wp-json\/wp\/v2\/product_tag?post=78336"}],"curies":[{"name":"wp","href":"https:\/\/api.w.org\/{rel}","templated":true}]}}