{"id":78365,"date":"2024-08-03T00:01:21","date_gmt":"2024-08-03T03:01:21","guid":{"rendered":"https:\/\/estiloromano.smartjoias.com.br\/escolhas\/shop\/sem categoria\/brinco-argolinha-cravejada-com-perola-pendente-banhado-a-rodio-branco\/"},"modified":"2025-03-05T08:35:22","modified_gmt":"2025-03-05T11:35:22","slug":"brinco-argolinha-cravejada-com-perola-pendente-banhado-a-rodio-branco","status":"publish","type":"product","link":"https:\/\/estiloromano.smartjoias.com.br\/escolhas\/shop\/sem-categoria\/brinco-argolinha-cravejada-com-perola-pendente-banhado-a-rodio-branco\/","title":{"rendered":"Brinco Argolinha Cravejada com P\u00e9rola Pendente &#8211; Banhado a R\u00f3dio Branco"},"content":{"rendered":"<p>Brinco Argolinha Cravejada com P\u00e9rola Pendente &#8211; Banhado a R\u00f3dio Branco<\/p>\n","protected":false},"excerpt":{"rendered":"<p>Brinco Argolinha Cravejada com P\u00e9rola Pendente &#8211; Banhado a R\u00f3dio Branco<\/p>\n","protected":false},"featured_media":0,"template":"","meta":[],"product_cat":[2480],"product_tag":[],"class_list":{"0":"post-78365","1":"product","2":"type-product","3":"status-publish","5":"product_cat-sem-categoria","7":"first","8":"instock","9":"shipping-taxable","10":"purchasable","11":"product-type-simple"},"_links":{"self":[{"href":"https:\/\/estiloromano.smartjoias.com.br\/escolhas\/wp-json\/wp\/v2\/product\/78365","targetHints":{"allow":["GET"]}}],"collection":[{"href":"https:\/\/estiloromano.smartjoias.com.br\/escolhas\/wp-json\/wp\/v2\/product"}],"about":[{"href":"https:\/\/estiloromano.smartjoias.com.br\/escolhas\/wp-json\/wp\/v2\/types\/product"}],"wp:attachment":[{"href":"https:\/\/estiloromano.smartjoias.com.br\/escolhas\/wp-json\/wp\/v2\/media?parent=78365"}],"wp:term":[{"taxonomy":"product_cat","embeddable":true,"href":"https:\/\/estiloromano.smartjoias.com.br\/escolhas\/wp-json\/wp\/v2\/product_cat?post=78365"},{"taxonomy":"product_tag","embeddable":true,"href":"https:\/\/estiloromano.smartjoias.com.br\/escolhas\/wp-json\/wp\/v2\/product_tag?post=78365"}],"curies":[{"name":"wp","href":"https:\/\/api.w.org\/{rel}","templated":true}]}}