{"id":78368,"date":"2024-08-03T00:01:31","date_gmt":"2024-08-03T03:01:31","guid":{"rendered":"https:\/\/estiloromano.smartjoias.com.br\/escolhas\/shop\/sem categoria\/brinco-argolinha-cravejada-com-coracao-cristal-banhado-a-ouro\/"},"modified":"2025-03-05T08:35:28","modified_gmt":"2025-03-05T11:35:28","slug":"brinco-argolinha-cravejada-com-coracao-cristal-banhado-a-ouro","status":"publish","type":"product","link":"https:\/\/estiloromano.smartjoias.com.br\/escolhas\/shop\/sem-categoria\/brinco-argolinha-cravejada-com-coracao-cristal-banhado-a-ouro\/","title":{"rendered":"Brinco Argolinha Cravejada com Cora\u00e7\u00e3o Cristal &#8211; Banhado a Ouro"},"content":{"rendered":"<p>Brinco Argolinha Cravejada com Cora\u00e7\u00e3o Cristal &#8211; Banhado a Ouro<\/p>\n","protected":false},"excerpt":{"rendered":"<p>Brinco Argolinha Cravejada com Cora\u00e7\u00e3o Cristal &#8211; Banhado a Ouro<\/p>\n","protected":false},"featured_media":103289,"template":"","meta":[],"product_cat":[2480],"product_tag":[],"class_list":{"0":"post-78368","1":"product","2":"type-product","3":"status-publish","4":"has-post-thumbnail","6":"product_cat-sem-categoria","8":"first","9":"instock","10":"shipping-taxable","11":"purchasable","12":"product-type-simple"},"fifu_image_url":"https:\/\/orgbling.s3.amazonaws.com\/25e28644d5bc765187a98d9415eab57d\/09d782a62abab14b838bab2476c08997?AWSAccessKeyId=AKIATCLMSGFX4J7TU445&Expires=1741779286&Signature=XzNe4VJZpKzlzzxSCCAEUVYdB78%3D","_links":{"self":[{"href":"https:\/\/estiloromano.smartjoias.com.br\/escolhas\/wp-json\/wp\/v2\/product\/78368","targetHints":{"allow":["GET"]}}],"collection":[{"href":"https:\/\/estiloromano.smartjoias.com.br\/escolhas\/wp-json\/wp\/v2\/product"}],"about":[{"href":"https:\/\/estiloromano.smartjoias.com.br\/escolhas\/wp-json\/wp\/v2\/types\/product"}],"wp:featuredmedia":[{"embeddable":true,"href":"https:\/\/estiloromano.smartjoias.com.br\/escolhas\/wp-json\/wp\/v2\/media\/103289"}],"wp:attachment":[{"href":"https:\/\/estiloromano.smartjoias.com.br\/escolhas\/wp-json\/wp\/v2\/media?parent=78368"}],"wp:term":[{"taxonomy":"product_cat","embeddable":true,"href":"https:\/\/estiloromano.smartjoias.com.br\/escolhas\/wp-json\/wp\/v2\/product_cat?post=78368"},{"taxonomy":"product_tag","embeddable":true,"href":"https:\/\/estiloromano.smartjoias.com.br\/escolhas\/wp-json\/wp\/v2\/product_tag?post=78368"}],"curies":[{"name":"wp","href":"https:\/\/api.w.org\/{rel}","templated":true}]}}