{"id":78379,"date":"2024-08-03T00:02:44","date_gmt":"2024-08-03T03:02:44","guid":{"rendered":"https:\/\/estiloromano.smartjoias.com.br\/escolhas\/shop\/sem categoria\/brinco-argolinha-cravejada-com-coracao-pendente-banhado-a-ouro\/"},"modified":"2025-03-05T08:35:50","modified_gmt":"2025-03-05T11:35:50","slug":"brinco-argolinha-cravejada-com-coracao-pendente-banhado-a-ouro","status":"publish","type":"product","link":"https:\/\/estiloromano.smartjoias.com.br\/escolhas\/shop\/sem-categoria\/brinco-argolinha-cravejada-com-coracao-pendente-banhado-a-ouro\/","title":{"rendered":"Brinco Argolinha Cravejada com Cora\u00e7\u00e3o Pendente &#8211; Banhado a Ouro"},"content":{"rendered":"<p>Brinco Argolinha Cravejada com Cora\u00e7\u00e3o Pendente &#8211; Banhado a Ouro<\/p>\n","protected":false},"excerpt":{"rendered":"<p>Brinco Argolinha Cravejada com Cora\u00e7\u00e3o Pendente &#8211; Banhado a Ouro<\/p>\n","protected":false},"featured_media":103298,"template":"","meta":[],"product_cat":[2480],"product_tag":[],"class_list":{"0":"post-78379","1":"product","2":"type-product","3":"status-publish","4":"has-post-thumbnail","6":"product_cat-sem-categoria","8":"first","9":"instock","10":"shipping-taxable","11":"purchasable","12":"product-type-simple"},"fifu_image_url":"https:\/\/orgbling.s3.amazonaws.com\/25e28644d5bc765187a98d9415eab57d\/5f7221d2c4eae06f4a02000bb7fc6365?AWSAccessKeyId=AKIATCLMSGFX4J7TU445&Expires=1741779286&Signature=QUPlxUComMGMU5gkS4EfoO%2FheQ8%3D","_links":{"self":[{"href":"https:\/\/estiloromano.smartjoias.com.br\/escolhas\/wp-json\/wp\/v2\/product\/78379","targetHints":{"allow":["GET"]}}],"collection":[{"href":"https:\/\/estiloromano.smartjoias.com.br\/escolhas\/wp-json\/wp\/v2\/product"}],"about":[{"href":"https:\/\/estiloromano.smartjoias.com.br\/escolhas\/wp-json\/wp\/v2\/types\/product"}],"wp:featuredmedia":[{"embeddable":true,"href":"https:\/\/estiloromano.smartjoias.com.br\/escolhas\/wp-json\/wp\/v2\/media\/103298"}],"wp:attachment":[{"href":"https:\/\/estiloromano.smartjoias.com.br\/escolhas\/wp-json\/wp\/v2\/media?parent=78379"}],"wp:term":[{"taxonomy":"product_cat","embeddable":true,"href":"https:\/\/estiloromano.smartjoias.com.br\/escolhas\/wp-json\/wp\/v2\/product_cat?post=78379"},{"taxonomy":"product_tag","embeddable":true,"href":"https:\/\/estiloromano.smartjoias.com.br\/escolhas\/wp-json\/wp\/v2\/product_tag?post=78379"}],"curies":[{"name":"wp","href":"https:\/\/api.w.org\/{rel}","templated":true}]}}