{"id":80228,"date":"2024-08-08T14:39:11","date_gmt":"2024-08-08T17:39:11","guid":{"rendered":"https:\/\/estiloromano.smartjoias.com.br\/escolhas\/shop\/sem categoria\/colar-coracao-zirconia-cristal-banhado-a-rodio-branco\/"},"modified":"2025-03-13T00:11:37","modified_gmt":"2025-03-13T03:11:37","slug":"colar-coracao-zirconia-cristal-banhado-a-rodio-branco","status":"publish","type":"product","link":"https:\/\/estiloromano.smartjoias.com.br\/escolhas\/shop\/sem-categoria\/colar-coracao-zirconia-cristal-banhado-a-rodio-branco\/","title":{"rendered":"Colar Cora\u00e7\u00e3o Zirc\u00f4nia Cristal &#8211; Banhado a Rodio Branco"},"content":{"rendered":"<p>Colar Cora\u00e7\u00e3o Zirc\u00f4nia Cristal &#8211; Banhado a Rodio Branco<\/p>\n","protected":false},"excerpt":{"rendered":"<p>Colar Cora\u00e7\u00e3o Zirc\u00f4nia Cristal &#8211; Banhado a Rodio Branco<\/p>\n","protected":false},"featured_media":103249,"template":"","meta":[],"product_cat":[2480],"product_tag":[],"class_list":{"0":"post-80228","1":"product","2":"type-product","3":"status-publish","4":"has-post-thumbnail","6":"product_cat-sem-categoria","8":"first","9":"instock","10":"shipping-taxable","11":"purchasable","12":"product-type-simple"},"fifu_image_url":"https:\/\/orgbling.s3.amazonaws.com\/25e28644d5bc765187a98d9415eab57d\/a10c4848810d777984db55a30d89a63c?AWSAccessKeyId=AKIATCLMSGFX4J7TU445&Expires=1742439956&Signature=66GWWDlfHSUHtf6oZg%2Fn10XZDfU%3D","_links":{"self":[{"href":"https:\/\/estiloromano.smartjoias.com.br\/escolhas\/wp-json\/wp\/v2\/product\/80228","targetHints":{"allow":["GET"]}}],"collection":[{"href":"https:\/\/estiloromano.smartjoias.com.br\/escolhas\/wp-json\/wp\/v2\/product"}],"about":[{"href":"https:\/\/estiloromano.smartjoias.com.br\/escolhas\/wp-json\/wp\/v2\/types\/product"}],"wp:featuredmedia":[{"embeddable":true,"href":"https:\/\/estiloromano.smartjoias.com.br\/escolhas\/wp-json\/wp\/v2\/media\/103249"}],"wp:attachment":[{"href":"https:\/\/estiloromano.smartjoias.com.br\/escolhas\/wp-json\/wp\/v2\/media?parent=80228"}],"wp:term":[{"taxonomy":"product_cat","embeddable":true,"href":"https:\/\/estiloromano.smartjoias.com.br\/escolhas\/wp-json\/wp\/v2\/product_cat?post=80228"},{"taxonomy":"product_tag","embeddable":true,"href":"https:\/\/estiloromano.smartjoias.com.br\/escolhas\/wp-json\/wp\/v2\/product_tag?post=80228"}],"curies":[{"name":"wp","href":"https:\/\/api.w.org\/{rel}","templated":true}]}}