{"id":82831,"date":"2024-08-12T17:23:16","date_gmt":"2024-08-12T20:23:16","guid":{"rendered":"https:\/\/estiloromano.smartjoias.com.br\/escolhas\/shop\/sem categoria\/conjunto-gota-de-luz-zirconia-verde-banhado-a-rodio-branco\/"},"modified":"2025-03-13T00:11:12","modified_gmt":"2025-03-13T03:11:12","slug":"conjunto-gota-de-luz-zirconia-verde-banhado-a-rodio-branco","status":"publish","type":"product","link":"https:\/\/estiloromano.smartjoias.com.br\/escolhas\/shop\/sem-categoria\/conjunto-gota-de-luz-zirconia-verde-banhado-a-rodio-branco\/","title":{"rendered":"Conjunto Gota de Luz Zirc\u00f4nia Verde &#8211; Banhado a R\u00f3dio Branco"},"content":{"rendered":"<p>Conjunto Gota de Luz Zirc\u00f4nia Verde &#8211; Banhado a R\u00f3dio Branco<\/p>\n","protected":false},"excerpt":{"rendered":"<p>Conjunto Gota de Luz Zirc\u00f4nia Verde &#8211; Banhado a R\u00f3dio Branco<\/p>\n","protected":false},"featured_media":103245,"template":"","meta":[],"product_cat":[2480],"product_tag":[],"class_list":{"0":"post-82831","1":"product","2":"type-product","3":"status-publish","4":"has-post-thumbnail","6":"product_cat-sem-categoria","8":"first","9":"instock","10":"shipping-taxable","11":"purchasable","12":"product-type-simple"},"fifu_image_url":"https:\/\/orgbling.s3.amazonaws.com\/25e28644d5bc765187a98d9415eab57d\/50c51a77fd93feb24efdfa7a7876e8a6?AWSAccessKeyId=AKIATCLMSGFX4J7TU445&Expires=1742439956&Signature=QIWwaV6WE5Tnb9tig%2FI6%2BxNjgmE%3D","_links":{"self":[{"href":"https:\/\/estiloromano.smartjoias.com.br\/escolhas\/wp-json\/wp\/v2\/product\/82831","targetHints":{"allow":["GET"]}}],"collection":[{"href":"https:\/\/estiloromano.smartjoias.com.br\/escolhas\/wp-json\/wp\/v2\/product"}],"about":[{"href":"https:\/\/estiloromano.smartjoias.com.br\/escolhas\/wp-json\/wp\/v2\/types\/product"}],"wp:featuredmedia":[{"embeddable":true,"href":"https:\/\/estiloromano.smartjoias.com.br\/escolhas\/wp-json\/wp\/v2\/media\/103245"}],"wp:attachment":[{"href":"https:\/\/estiloromano.smartjoias.com.br\/escolhas\/wp-json\/wp\/v2\/media?parent=82831"}],"wp:term":[{"taxonomy":"product_cat","embeddable":true,"href":"https:\/\/estiloromano.smartjoias.com.br\/escolhas\/wp-json\/wp\/v2\/product_cat?post=82831"},{"taxonomy":"product_tag","embeddable":true,"href":"https:\/\/estiloromano.smartjoias.com.br\/escolhas\/wp-json\/wp\/v2\/product_tag?post=82831"}],"curies":[{"name":"wp","href":"https:\/\/api.w.org\/{rel}","templated":true}]}}