{"id":87547,"date":"2024-08-30T18:53:27","date_gmt":"2024-08-30T21:53:27","guid":{"rendered":"https:\/\/estiloromano.smartjoias.com.br\/escolhas\/shop\/sem categoria\/escapulario-sao-bento-quadrado-banhado-a-ouro\/"},"modified":"2025-03-13T00:07:03","modified_gmt":"2025-03-13T03:07:03","slug":"escapulario-sao-bento-quadrado-banhado-a-ouro","status":"publish","type":"product","link":"https:\/\/estiloromano.smartjoias.com.br\/escolhas\/shop\/sem-categoria\/escapulario-sao-bento-quadrado-banhado-a-ouro\/","title":{"rendered":"Escapul\u00e1rio S\u00e3o Bento (Quadrado) &#8211; Banhado a Ouro"},"content":{"rendered":"<p>Escapul\u00e1rio S\u00e3o Bento (Quadrado) &#8211; Banhado a Ouro<\/p>\n","protected":false},"excerpt":{"rendered":"<p>Escapul\u00e1rio S\u00e3o Bento (Quadrado) &#8211; Banhado a Ouro<\/p>\n","protected":false},"featured_media":103223,"template":"","meta":[],"product_cat":[2480],"product_tag":[],"class_list":{"0":"post-87547","1":"product","2":"type-product","3":"status-publish","4":"has-post-thumbnail","6":"product_cat-sem-categoria","8":"first","9":"instock","10":"shipping-taxable","11":"purchasable","12":"product-type-simple"},"fifu_image_url":"https:\/\/orgbling.s3.amazonaws.com\/25e28644d5bc765187a98d9415eab57d\/49f08c9b0527ad9211cc21d4331ff0ad?AWSAccessKeyId=AKIATCLMSGFX4J7TU445&Expires=1742439956&Signature=z7r8pJ2r%2B8vvP9Asx%2B5wVA4Ij7k%3D","_links":{"self":[{"href":"https:\/\/estiloromano.smartjoias.com.br\/escolhas\/wp-json\/wp\/v2\/product\/87547","targetHints":{"allow":["GET"]}}],"collection":[{"href":"https:\/\/estiloromano.smartjoias.com.br\/escolhas\/wp-json\/wp\/v2\/product"}],"about":[{"href":"https:\/\/estiloromano.smartjoias.com.br\/escolhas\/wp-json\/wp\/v2\/types\/product"}],"wp:featuredmedia":[{"embeddable":true,"href":"https:\/\/estiloromano.smartjoias.com.br\/escolhas\/wp-json\/wp\/v2\/media\/103223"}],"wp:attachment":[{"href":"https:\/\/estiloromano.smartjoias.com.br\/escolhas\/wp-json\/wp\/v2\/media?parent=87547"}],"wp:term":[{"taxonomy":"product_cat","embeddable":true,"href":"https:\/\/estiloromano.smartjoias.com.br\/escolhas\/wp-json\/wp\/v2\/product_cat?post=87547"},{"taxonomy":"product_tag","embeddable":true,"href":"https:\/\/estiloromano.smartjoias.com.br\/escolhas\/wp-json\/wp\/v2\/product_tag?post=87547"}],"curies":[{"name":"wp","href":"https:\/\/api.w.org\/{rel}","templated":true}]}}