{"id":90535,"date":"2024-09-06T15:00:30","date_gmt":"2024-09-06T18:00:30","guid":{"rendered":"https:\/\/estiloromano.smartjoias.com.br\/escolhas\/shop\/sem categoria\/colar-arvore-da-vida-cravejada-com-corrente-elos-coracao-banhado-a-prata\/"},"modified":"2025-03-13T00:06:15","modified_gmt":"2025-03-13T03:06:15","slug":"colar-arvore-da-vida-cravejada-com-corrente-elos-coracao-banhado-a-prata","status":"publish","type":"product","link":"https:\/\/estiloromano.smartjoias.com.br\/escolhas\/shop\/sem-categoria\/colar-arvore-da-vida-cravejada-com-corrente-elos-coracao-banhado-a-prata\/","title":{"rendered":"Colar \u00c1rvore da Vida Cravejada com Corrente Elos Cora\u00e7\u00e3o &#8211; Banhado a Prata"},"content":{"rendered":"<p>Colar \u00c1rvore da Vida Cravejada com Corrente Elos Cora\u00e7\u00e3o &#8211; Banhado a Prata<\/p>\n","protected":false},"excerpt":{"rendered":"<p>Colar \u00c1rvore da Vida Cravejada com Corrente Elos Cora\u00e7\u00e3o &#8211; Banhado a Prata<\/p>\n","protected":false},"featured_media":0,"template":"","meta":[],"product_cat":[2480],"product_tag":[],"class_list":{"0":"post-90535","1":"product","2":"type-product","3":"status-publish","5":"product_cat-sem-categoria","7":"first","8":"instock","9":"shipping-taxable","10":"purchasable","11":"product-type-simple"},"_links":{"self":[{"href":"https:\/\/estiloromano.smartjoias.com.br\/escolhas\/wp-json\/wp\/v2\/product\/90535","targetHints":{"allow":["GET"]}}],"collection":[{"href":"https:\/\/estiloromano.smartjoias.com.br\/escolhas\/wp-json\/wp\/v2\/product"}],"about":[{"href":"https:\/\/estiloromano.smartjoias.com.br\/escolhas\/wp-json\/wp\/v2\/types\/product"}],"wp:attachment":[{"href":"https:\/\/estiloromano.smartjoias.com.br\/escolhas\/wp-json\/wp\/v2\/media?parent=90535"}],"wp:term":[{"taxonomy":"product_cat","embeddable":true,"href":"https:\/\/estiloromano.smartjoias.com.br\/escolhas\/wp-json\/wp\/v2\/product_cat?post=90535"},{"taxonomy":"product_tag","embeddable":true,"href":"https:\/\/estiloromano.smartjoias.com.br\/escolhas\/wp-json\/wp\/v2\/product_tag?post=90535"}],"curies":[{"name":"wp","href":"https:\/\/api.w.org\/{rel}","templated":true}]}}