{"id":90538,"date":"2024-09-06T15:00:41","date_gmt":"2024-09-06T18:00:41","guid":{"rendered":"https:\/\/estiloromano.smartjoias.com.br\/escolhas\/shop\/sem categoria\/brinco-nossa-senhora-coracao-cravejado-banhado-a-prata\/"},"modified":"2025-03-13T00:06:22","modified_gmt":"2025-03-13T03:06:22","slug":"brinco-nossa-senhora-coracao-cravejado-banhado-a-prata","status":"publish","type":"product","link":"https:\/\/estiloromano.smartjoias.com.br\/escolhas\/shop\/sem-categoria\/brinco-nossa-senhora-coracao-cravejado-banhado-a-prata\/","title":{"rendered":"Brinco Nossa Senhora Cora\u00e7\u00e3o Cravejado &#8211; Banhado a Prata"},"content":{"rendered":"<p>Brinco Nossa Senhora Cora\u00e7\u00e3o Cravejado &#8211; Banhado a Prata<\/p>\n","protected":false},"excerpt":{"rendered":"<p>Brinco Nossa Senhora Cora\u00e7\u00e3o Cravejado &#8211; Banhado a Prata<\/p>\n","protected":false},"featured_media":103209,"template":"","meta":[],"product_cat":[2480],"product_tag":[],"class_list":{"0":"post-90538","1":"product","2":"type-product","3":"status-publish","4":"has-post-thumbnail","6":"product_cat-sem-categoria","8":"first","9":"instock","10":"shipping-taxable","11":"purchasable","12":"product-type-simple"},"fifu_image_url":"https:\/\/orgbling.s3.amazonaws.com\/25e28644d5bc765187a98d9415eab57d\/11af87545e1cd9287cdaec878617600b?AWSAccessKeyId=AKIATCLMSGFX4J7TU445&Expires=1742439956&Signature=IryqcqZovk5%2BlS564uh30ZJ5IRU%3D","_links":{"self":[{"href":"https:\/\/estiloromano.smartjoias.com.br\/escolhas\/wp-json\/wp\/v2\/product\/90538","targetHints":{"allow":["GET"]}}],"collection":[{"href":"https:\/\/estiloromano.smartjoias.com.br\/escolhas\/wp-json\/wp\/v2\/product"}],"about":[{"href":"https:\/\/estiloromano.smartjoias.com.br\/escolhas\/wp-json\/wp\/v2\/types\/product"}],"wp:featuredmedia":[{"embeddable":true,"href":"https:\/\/estiloromano.smartjoias.com.br\/escolhas\/wp-json\/wp\/v2\/media\/103209"}],"wp:attachment":[{"href":"https:\/\/estiloromano.smartjoias.com.br\/escolhas\/wp-json\/wp\/v2\/media?parent=90538"}],"wp:term":[{"taxonomy":"product_cat","embeddable":true,"href":"https:\/\/estiloromano.smartjoias.com.br\/escolhas\/wp-json\/wp\/v2\/product_cat?post=90538"},{"taxonomy":"product_tag","embeddable":true,"href":"https:\/\/estiloromano.smartjoias.com.br\/escolhas\/wp-json\/wp\/v2\/product_tag?post=90538"}],"curies":[{"name":"wp","href":"https:\/\/api.w.org\/{rel}","templated":true}]}}